{"id":72,"date":"2026-03-23T10:37:37","date_gmt":"2026-03-23T10:37:37","guid":{"rendered":"https:\/\/tothnorbert.net\/bemutatkozas\/"},"modified":"2026-04-02T20:17:14","modified_gmt":"2026-04-02T20:17:14","slug":"bemutatkozas","status":"publish","type":"page","link":"https:\/\/tothnorbert.net\/en\/bemutatkozas\/","title":{"rendered":"Introduction"},"content":{"rendered":"<div class=\"wp-block-group alignfull is-style-section-2 has-background has-global-padding is-layout-constrained wp-container-core-group-is-layout-c816cdf9 wp-block-group-is-layout-constrained is-style-section-2--1\" style=\"background-color:#f4f4f4;margin-top:0;margin-bottom:0;padding-top:var(--wp--preset--spacing--40);padding-right:var(--wp--preset--spacing--40);padding-bottom:var(--wp--preset--spacing--40);padding-left:var(--wp--preset--spacing--40)\">\n<div class=\"wp-block-columns alignwide is-layout-flex wp-container-core-columns-is-layout-643ced6b wp-block-columns-is-layout-flex\">\n<div class=\"wp-block-column is-layout-flow wp-block-column-is-layout-flow\" style=\"flex-basis:40%\">\n<figure class=\"wp-block-image size-large\"><img loading=\"lazy\" decoding=\"async\" width=\"918\" height=\"918\" src=\"https:\/\/tothnorbert.net\/wp-content\/uploads\/2026\/03\/E3F7CCD2-CC54-42F8-B82B-61B5B63ADB8A-edited-1.jpeg\" alt=\"\" class=\"wp-image-218\" srcset=\"https:\/\/tothnorbert.net\/wp-content\/uploads\/2026\/03\/E3F7CCD2-CC54-42F8-B82B-61B5B63ADB8A-edited-1.jpeg 918w, https:\/\/tothnorbert.net\/wp-content\/uploads\/2026\/03\/E3F7CCD2-CC54-42F8-B82B-61B5B63ADB8A-edited-1-300x300.jpeg 300w, https:\/\/tothnorbert.net\/wp-content\/uploads\/2026\/03\/E3F7CCD2-CC54-42F8-B82B-61B5B63ADB8A-edited-1-150x150.jpeg 150w, https:\/\/tothnorbert.net\/wp-content\/uploads\/2026\/03\/E3F7CCD2-CC54-42F8-B82B-61B5B63ADB8A-edited-1-768x768.jpeg 768w\" sizes=\"auto, (max-width: 918px) 100vw, 918px\" \/><\/figure>\n<\/div>\n\n\n\n<div class=\"wp-block-column is-vertically-aligned-center is-layout-flow wp-container-core-column-is-layout-119bc444 wp-block-column-is-layout-flow\" style=\"flex-basis:60%\">\n<h2 class=\"wp-block-heading has-xx-large-font-size\">Step by Step: My Story<\/h2>\n\n\n\n<p style=\"text-align: justify;font-size: clamp(16px, 2vw, 20px);\"> I first discovered race walking in 2014, when my former coach, Tibor \u0150ze, invited me to try the sport as part of his team. It quickly became clear that I had a talent for it, and my first successes came soon after.\nOver the years, I had the opportunity to represent my country in several international competitions, first as a junior national team athlete and later as a senior competitor. My best individual result so far is an 8th place at the European U23 Championships, where I managed to perform well despite significant challenges.<\/p>\n<\/div>\n<\/div>\n<\/div>\n\n\n\n<div class=\"wp-block-media-text alignfull has-media-on-the-right is-stacked-on-mobile is-vertically-aligned-center is-style-default\" style=\"padding-top:var(--wp--preset--spacing--20);padding-right:var(--wp--preset--spacing--30);padding-bottom:var(--wp--preset--spacing--20);padding-left:var(--wp--preset--spacing--30);grid-template-columns:auto 36%\"><div class=\"wp-block-media-text__content\">\n<p style=\"text-align: justify;font-size: clamp(16px, 2vw, 20px);\">The 2023 season was a defining year for me. I broke two national records, which helped secure my qualification for the 2024 European Athletics Championships in Rome. Although I was not able to perform at my full potential at that event, later that same year I became Hungarian Senior National Champion and was selected as a reserve member of the Hungarian Olympic team for the Paris 2024 Olympic Games.<\/p>\n\n\n\n<div class=\"wp-block-media-text is-stacked-on-mobile\" style=\"grid-template-columns:53% auto\"><figure class=\"wp-block-media-text__media\"><img loading=\"lazy\" decoding=\"async\" width=\"1024\" height=\"767\" src=\"https:\/\/tothnorbert.net\/wp-content\/uploads\/2026\/03\/1013BFB3-39AA-4B7E-9AD1-900AB65AFFA8-e1774467586833-1024x767.jpeg\" alt=\"\" class=\"wp-image-35 size-full\" srcset=\"https:\/\/tothnorbert.net\/wp-content\/uploads\/2026\/03\/1013BFB3-39AA-4B7E-9AD1-900AB65AFFA8-e1774467586833-1024x767.jpeg 1024w, https:\/\/tothnorbert.net\/wp-content\/uploads\/2026\/03\/1013BFB3-39AA-4B7E-9AD1-900AB65AFFA8-e1774467586833-300x225.jpeg 300w, https:\/\/tothnorbert.net\/wp-content\/uploads\/2026\/03\/1013BFB3-39AA-4B7E-9AD1-900AB65AFFA8-e1774467586833-768x575.jpeg 768w, https:\/\/tothnorbert.net\/wp-content\/uploads\/2026\/03\/1013BFB3-39AA-4B7E-9AD1-900AB65AFFA8-e1774467586833.jpeg 1464w\" sizes=\"auto, (max-width: 1024px) 100vw, 1024px\" \/><\/figure><div class=\"wp-block-media-text__content\">\n<p style=\"text-align: justify; font-size: clamp(16px, 2vw, 20px); hyphens: auto;\">The 2025 season did not unfold as I had planned, but despite the difficulties, it was a great achievement for our team to win the bronze medal at the European Race Walking Team Championships. That year I also competed at the FISU World University Games (Universiade), where I finished 27th, and I won the Hungarian Half Marathon Race Walking National Championship in Germany.<\/p>\n<\/div><\/div>\n<\/div><figure class=\"wp-block-media-text__media\"><img loading=\"lazy\" decoding=\"async\" width=\"1024\" height=\"1024\" src=\"https:\/\/tothnorbert.net\/wp-content\/uploads\/2026\/03\/IMG_1301-edited-1024x1024.jpg\" alt=\"\" class=\"wp-image-221 size-full\" srcset=\"https:\/\/tothnorbert.net\/wp-content\/uploads\/2026\/03\/IMG_1301-edited-1024x1024.jpg 1024w, https:\/\/tothnorbert.net\/wp-content\/uploads\/2026\/03\/IMG_1301-edited-300x300.jpg 300w, https:\/\/tothnorbert.net\/wp-content\/uploads\/2026\/03\/IMG_1301-edited-150x150.jpg 150w, https:\/\/tothnorbert.net\/wp-content\/uploads\/2026\/03\/IMG_1301-edited-768x768.jpg 768w, https:\/\/tothnorbert.net\/wp-content\/uploads\/2026\/03\/IMG_1301-edited.jpg 1366w\" sizes=\"auto, (max-width: 1024px) 100vw, 1024px\" \/><\/figure><\/div>\n\n\n\n<div class=\"wp-block-cover alignfull is-light\" style=\"margin-top:0;margin-bottom:0;padding-top:0;padding-right:0;padding-bottom:0;padding-left:0;min-height:360px;aspect-ratio:unset;\"><span aria-hidden=\"true\" class=\"wp-block-cover__background has-background-dim-100 has-background-dim\" style=\"background-color:#f4f4f4\"><\/span><div class=\"wp-block-cover__inner-container has-global-padding is-layout-constrained wp-container-core-cover-is-layout-72190d31 wp-block-cover-is-layout-constrained\">\n<div class=\"wp-block-media-text alignwide is-stacked-on-mobile is-vertically-aligned-center is-image-fill-element\" style=\"padding-top:0;padding-right:var(--wp--preset--spacing--30);padding-bottom:0;padding-left:var(--wp--preset--spacing--30);grid-template-columns:53% auto\"><figure class=\"wp-block-media-text__media\"><img loading=\"lazy\" decoding=\"async\" width=\"1024\" height=\"406\" src=\"https:\/\/tothnorbert.net\/wp-content\/uploads\/2026\/03\/IMG_7718-e1774556395278-1024x406.jpg\" alt=\"\" class=\"wp-image-26 size-full\" style=\"object-position:50% 50%\" srcset=\"https:\/\/tothnorbert.net\/wp-content\/uploads\/2026\/03\/IMG_7718-e1774556395278-1024x406.jpg 1024w, https:\/\/tothnorbert.net\/wp-content\/uploads\/2026\/03\/IMG_7718-e1774556395278-300x119.jpg 300w, https:\/\/tothnorbert.net\/wp-content\/uploads\/2026\/03\/IMG_7718-e1774556395278-768x305.jpg 768w, https:\/\/tothnorbert.net\/wp-content\/uploads\/2026\/03\/IMG_7718-e1774556395278-1536x609.jpg 1536w, https:\/\/tothnorbert.net\/wp-content\/uploads\/2026\/03\/IMG_7718-e1774556395278.jpg 2048w\" sizes=\"auto, (max-width: 1024px) 100vw, 1024px\" \/><\/figure><div class=\"wp-block-media-text__content\">\n<p style=\"text-align: justify; font-size: clamp(16px, 2vw, 20px);\">The 2026 season started very strongly. After six months of intense work, I achieved the qualification standard for the European Athletics Championships in Birmingham at my first major competition of the year, securing my place at the event.\nThis is an important step toward competing at the 2027 World Athletics Championships and qualifying for the 2028 Olympic Games in Los Angeles.<\/p>\n<\/div><\/div>\n<\/div><\/div>","protected":false},"excerpt":{"rendered":"<p>L\u00e9p\u00e9sr\u0151l l\u00e9p\u00e9sre \u2013 az \u00e9n t\u00f6rt\u00e9netem A gyalogl\u00e1ssal 2014-ben ismerkedtem meg, amikor kor\u00e1bbi edz\u0151m, \u0150ze Tibor csapat\u00e1ban kipr\u00f3b\u00e1ltam a sport\u00e1gat. Hamar kider\u00fclt, hogy van hozz\u00e1 \u00e9rz\u00e9kem, \u00e9s gyorsan j\u00f6ttek az els\u0151 sikerek. Az \u00e9vek sor\u00e1n koroszt\u00e1lyos v\u00e1logatottk\u00e9nt \u00e9s k\u00e9s\u0151bb feln\u0151ttk\u00e9nt is t\u00f6bb nemzetk\u00f6zi versenyen k\u00e9pviseltem haz\u00e1mat, legjobb egy\u00e9ni eredm\u00e9nyem 8. hely az U23-as Eur\u00f3pa-bajnoks\u00e1gon, ahol [&hellip;]<\/p>\n","protected":false},"author":1,"featured_media":0,"parent":0,"menu_order":0,"comment_status":"closed","ping_status":"closed","template":"page-no-title","meta":{"footnotes":""},"class_list":["post-72","page","type-page","status-publish","hentry"],"_hostinger_reach_plugin_has_subscription_block":false,"_hostinger_reach_plugin_is_elementor":false,"_links":{"self":[{"href":"https:\/\/tothnorbert.net\/en\/wp-json\/wp\/v2\/pages\/72","targetHints":{"allow":["GET"]}}],"collection":[{"href":"https:\/\/tothnorbert.net\/en\/wp-json\/wp\/v2\/pages"}],"about":[{"href":"https:\/\/tothnorbert.net\/en\/wp-json\/wp\/v2\/types\/page"}],"author":[{"embeddable":true,"href":"https:\/\/tothnorbert.net\/en\/wp-json\/wp\/v2\/users\/1"}],"replies":[{"embeddable":true,"href":"https:\/\/tothnorbert.net\/en\/wp-json\/wp\/v2\/comments?post=72"}],"version-history":[{"count":61,"href":"https:\/\/tothnorbert.net\/en\/wp-json\/wp\/v2\/pages\/72\/revisions"}],"predecessor-version":[{"id":252,"href":"https:\/\/tothnorbert.net\/en\/wp-json\/wp\/v2\/pages\/72\/revisions\/252"}],"wp:attachment":[{"href":"https:\/\/tothnorbert.net\/en\/wp-json\/wp\/v2\/media?parent=72"}],"curies":[{"name":"wp","href":"https:\/\/api.w.org\/{rel}","templated":true}]}}