{"id":73,"date":"2026-03-23T10:37:56","date_gmt":"2026-03-23T10:37:56","guid":{"rendered":"https:\/\/tothnorbert.net\/kiemelt-eredmenyek\/"},"modified":"2026-04-02T20:17:07","modified_gmt":"2026-04-02T20:17:07","slug":"kiemelt-eredmenyek","status":"publish","type":"page","link":"https:\/\/tothnorbert.net\/en\/kiemelt-eredmenyek\/","title":{"rendered":"Kiemelt eredm\u00e9nyek"},"content":{"rendered":"<div class=\"wp-block-cover\" style=\"min-height:402px;aspect-ratio:unset;\"><img loading=\"lazy\" decoding=\"async\" width=\"819\" height=\"1024\" class=\"wp-block-cover__image-background wp-image-96 size-large\" alt=\"\" src=\"https:\/\/tothnorbert.net\/wp-content\/uploads\/2026\/03\/7C6EE216-705B-41AD-A390-EFB3847B8C5F-819x1024.jpeg\" style=\"object-position:50% 44%\" data-object-fit=\"cover\" data-object-position=\"50% 44%\" srcset=\"https:\/\/tothnorbert.net\/wp-content\/uploads\/2026\/03\/7C6EE216-705B-41AD-A390-EFB3847B8C5F-819x1024.jpeg 819w, https:\/\/tothnorbert.net\/wp-content\/uploads\/2026\/03\/7C6EE216-705B-41AD-A390-EFB3847B8C5F-240x300.jpeg 240w, https:\/\/tothnorbert.net\/wp-content\/uploads\/2026\/03\/7C6EE216-705B-41AD-A390-EFB3847B8C5F-768x960.jpeg 768w, https:\/\/tothnorbert.net\/wp-content\/uploads\/2026\/03\/7C6EE216-705B-41AD-A390-EFB3847B8C5F.jpeg 1149w\" sizes=\"auto, (max-width: 819px) 100vw, 819px\" \/><span aria-hidden=\"true\" class=\"wp-block-cover__background has-contrast-background-color has-background-dim-40 has-background-dim\"><\/span><div class=\"wp-block-cover__inner-container is-layout-flow wp-block-cover-is-layout-flow\">\n<p class=\"has-base-color has-text-color has-link-color wp-elements-a485b7e47ba6a90007fc3529ad7063fd\">2026.03.07. Marathon RaceWalking National Championships Dudince, Slovakia, European Championships standard - 3:10:25<\/p>\n<\/div><\/div>\n\n\n\n<div class=\"wp-block-cover\" style=\"min-height:402px;aspect-ratio:unset;\"><img loading=\"lazy\" decoding=\"async\" width=\"683\" height=\"1024\" class=\"wp-block-cover__image-background wp-image-18\" alt=\"\" src=\"https:\/\/tothnorbert.net\/wp-content\/uploads\/2026\/03\/IMG_6283-683x1024.jpg\" style=\"object-position:50% 35%\" data-object-fit=\"cover\" data-object-position=\"50% 35%\" srcset=\"https:\/\/tothnorbert.net\/wp-content\/uploads\/2026\/03\/IMG_6283-683x1024.jpg 683w, https:\/\/tothnorbert.net\/wp-content\/uploads\/2026\/03\/IMG_6283-200x300.jpg 200w, https:\/\/tothnorbert.net\/wp-content\/uploads\/2026\/03\/IMG_6283-768x1152.jpg 768w, https:\/\/tothnorbert.net\/wp-content\/uploads\/2026\/03\/IMG_6283-1024x1536.jpg 1024w, https:\/\/tothnorbert.net\/wp-content\/uploads\/2026\/03\/IMG_6283-scaled.jpg 1707w\" sizes=\"auto, (max-width: 683px) 100vw, 683px\" \/><span aria-hidden=\"true\" class=\"wp-block-cover__background has-contrast-background-color has-background-dim-20 has-background-dim\"><\/span><div class=\"wp-block-cover__inner-container is-layout-flow wp-block-cover-is-layout-flow\">\n<p class=\"has-text-align-left\">2025.10.25. Halfmarathon RaceWalking national record Zittau, Germany - 1:33:49<\/p>\n<\/div><\/div>\n\n\n\n<div class=\"wp-block-cover\" style=\"min-height:402px;aspect-ratio:unset;\"><img loading=\"lazy\" decoding=\"async\" width=\"947\" height=\"1024\" class=\"wp-block-cover__image-background wp-image-33 size-large\" alt=\"\" src=\"https:\/\/tothnorbert.net\/wp-content\/uploads\/2026\/03\/8863EDF5-82D9-40E3-866B-07961C679069-947x1024.jpeg\" style=\"object-position:53% 31%\" data-object-fit=\"cover\" data-object-position=\"53% 31%\" srcset=\"https:\/\/tothnorbert.net\/wp-content\/uploads\/2026\/03\/8863EDF5-82D9-40E3-866B-07961C679069-947x1024.jpeg 947w, https:\/\/tothnorbert.net\/wp-content\/uploads\/2026\/03\/8863EDF5-82D9-40E3-866B-07961C679069-277x300.jpeg 277w, https:\/\/tothnorbert.net\/wp-content\/uploads\/2026\/03\/8863EDF5-82D9-40E3-866B-07961C679069-768x831.jpeg 768w, https:\/\/tothnorbert.net\/wp-content\/uploads\/2026\/03\/8863EDF5-82D9-40E3-866B-07961C679069.jpeg 1348w\" sizes=\"auto, (max-width: 947px) 100vw, 947px\" \/><span aria-hidden=\"true\" class=\"wp-block-cover__background has-contrast-background-color has-background-dim-20 has-background-dim\"><\/span><div class=\"wp-block-cover__inner-container is-layout-flow wp-block-cover-is-layout-flow\">\n<p>2025.05.18. European RaceWalking Championships Podebrady, Czech, 20 km race walking - 3.rd place in the teams&nbsp;<\/p>\n<\/div><\/div>\n\n\n\n<div class=\"wp-block-cover\" style=\"min-height:402px;aspect-ratio:unset;\"><img loading=\"lazy\" decoding=\"async\" width=\"1024\" height=\"683\" class=\"wp-block-cover__image-background wp-image-50\" alt=\"\" src=\"https:\/\/tothnorbert.net\/wp-content\/uploads\/2026\/03\/IMG_1109-1024x683.jpg\" style=\"object-position:49% 100%\" data-object-fit=\"cover\" data-object-position=\"49% 100%\" srcset=\"https:\/\/tothnorbert.net\/wp-content\/uploads\/2026\/03\/IMG_1109-1024x683.jpg 1024w, https:\/\/tothnorbert.net\/wp-content\/uploads\/2026\/03\/IMG_1109-300x200.jpg 300w, https:\/\/tothnorbert.net\/wp-content\/uploads\/2026\/03\/IMG_1109-768x512.jpg 768w, https:\/\/tothnorbert.net\/wp-content\/uploads\/2026\/03\/IMG_1109-1536x1024.jpg 1536w, https:\/\/tothnorbert.net\/wp-content\/uploads\/2026\/03\/IMG_1109.jpg 1920w\" sizes=\"auto, (max-width: 1024px) 100vw, 1024px\" \/><span aria-hidden=\"true\" class=\"wp-block-cover__background has-contrast-background-color has-background-dim-20 has-background-dim\"><\/span><div class=\"wp-block-cover__inner-container is-layout-flow wp-block-cover-is-layout-flow\">\n<p><br>2024.05.25. 10 km RaceWalking National Record, Borsky Mikulas, Slovakia - 40:18<\/p>\n<\/div><\/div>\n\n\n\n<div class=\"wp-block-cover\" style=\"min-height:402px;aspect-ratio:unset;\"><img loading=\"lazy\" decoding=\"async\" width=\"1024\" height=\"682\" class=\"wp-block-cover__image-background wp-image-54\" alt=\"\" src=\"https:\/\/tothnorbert.net\/wp-content\/uploads\/2026\/03\/IMG_9046-1024x682.jpg\" style=\"object-position:44% 62%\" data-object-fit=\"cover\" data-object-position=\"44% 62%\" srcset=\"https:\/\/tothnorbert.net\/wp-content\/uploads\/2026\/03\/IMG_9046-1024x682.jpg 1024w, https:\/\/tothnorbert.net\/wp-content\/uploads\/2026\/03\/IMG_9046-300x200.jpg 300w, https:\/\/tothnorbert.net\/wp-content\/uploads\/2026\/03\/IMG_9046-768x512.jpg 768w, https:\/\/tothnorbert.net\/wp-content\/uploads\/2026\/03\/IMG_9046-1536x1024.jpg 1536w, https:\/\/tothnorbert.net\/wp-content\/uploads\/2026\/03\/IMG_9046.jpg 2000w\" sizes=\"auto, (max-width: 1024px) 100vw, 1024px\" \/><span aria-hidden=\"true\" class=\"wp-block-cover__background has-contrast-background-color has-background-dim-20 has-background-dim\"><\/span><div class=\"wp-block-cover__inner-container is-layout-flow wp-block-cover-is-layout-flow\">\n<p>2023.10.23. 1 \u00f3ra gyalogl\u00e1s orsz\u00e1gos cs\u00facs Pr\u00e1ga, Csehorsz\u00e1g &#8211; 14.373 m\u00e9ter\u00a0<\/p>\n<\/div><\/div>\n\n\n\n<div class=\"wp-block-cover\" style=\"min-height:402px;aspect-ratio:unset;\"><img loading=\"lazy\" decoding=\"async\" width=\"1024\" height=\"683\" class=\"wp-block-cover__image-background wp-image-37\" alt=\"\" src=\"https:\/\/tothnorbert.net\/wp-content\/uploads\/2026\/03\/IMG_5846-1024x683.jpg\" style=\"object-position:50% 50%\" data-object-fit=\"cover\" data-object-position=\"50% 50%\" srcset=\"https:\/\/tothnorbert.net\/wp-content\/uploads\/2026\/03\/IMG_5846-1024x683.jpg 1024w, https:\/\/tothnorbert.net\/wp-content\/uploads\/2026\/03\/IMG_5846-300x200.jpg 300w, https:\/\/tothnorbert.net\/wp-content\/uploads\/2026\/03\/IMG_5846-768x512.jpg 768w, https:\/\/tothnorbert.net\/wp-content\/uploads\/2026\/03\/IMG_5846-1536x1024.jpg 1536w, https:\/\/tothnorbert.net\/wp-content\/uploads\/2026\/03\/IMG_5846-2048x1366.jpg 2048w\" sizes=\"auto, (max-width: 1024px) 100vw, 1024px\" \/><span aria-hidden=\"true\" class=\"wp-block-cover__background has-contrast-background-color has-background-dim-20 has-background-dim\"><\/span><div class=\"wp-block-cover__inner-container is-layout-flow wp-block-cover-is-layout-flow\">\n<p>2023.10.01. U23 10 km RaceWalk National Record Tillburg, Netherlands - 40:39<\/p>\n<\/div><\/div>\n\n\n\n<div class=\"wp-block-cover\" style=\"min-height:402px;aspect-ratio:unset;\"><img loading=\"lazy\" decoding=\"async\" width=\"1024\" height=\"683\" class=\"wp-block-cover__image-background wp-image-55 size-large\" alt=\"\" src=\"https:\/\/tothnorbert.net\/wp-content\/uploads\/2026\/03\/IMG_8060-1024x683.jpg\" data-object-fit=\"cover\" srcset=\"https:\/\/tothnorbert.net\/wp-content\/uploads\/2026\/03\/IMG_8060-1024x683.jpg 1024w, https:\/\/tothnorbert.net\/wp-content\/uploads\/2026\/03\/IMG_8060-300x200.jpg 300w, https:\/\/tothnorbert.net\/wp-content\/uploads\/2026\/03\/IMG_8060-768x512.jpg 768w, https:\/\/tothnorbert.net\/wp-content\/uploads\/2026\/03\/IMG_8060-1536x1024.jpg 1536w, https:\/\/tothnorbert.net\/wp-content\/uploads\/2026\/03\/IMG_8060-2048x1365.jpg 2048w\" sizes=\"auto, (max-width: 1024px) 100vw, 1024px\" \/><span aria-hidden=\"true\" class=\"wp-block-cover__background has-contrast-background-color has-background-dim-20 has-background-dim\"><\/span><div class=\"wp-block-cover__inner-container is-layout-flow wp-block-cover-is-layout-flow\">\n<p>2023.07.12. U23 Athletics European Championships Espoo, Finnland, 20 km race walk - 8.th place <br>&#8211; 8. hely <\/p>\n<\/div><\/div>","protected":false},"excerpt":{"rendered":"","protected":false},"author":1,"featured_media":0,"parent":0,"menu_order":0,"comment_status":"closed","ping_status":"closed","template":"page-no-title","meta":{"footnotes":""},"class_list":["post-73","page","type-page","status-publish","hentry"],"_hostinger_reach_plugin_has_subscription_block":false,"_hostinger_reach_plugin_is_elementor":false,"_links":{"self":[{"href":"https:\/\/tothnorbert.net\/en\/wp-json\/wp\/v2\/pages\/73","targetHints":{"allow":["GET"]}}],"collection":[{"href":"https:\/\/tothnorbert.net\/en\/wp-json\/wp\/v2\/pages"}],"about":[{"href":"https:\/\/tothnorbert.net\/en\/wp-json\/wp\/v2\/types\/page"}],"author":[{"embeddable":true,"href":"https:\/\/tothnorbert.net\/en\/wp-json\/wp\/v2\/users\/1"}],"replies":[{"embeddable":true,"href":"https:\/\/tothnorbert.net\/en\/wp-json\/wp\/v2\/comments?post=73"}],"version-history":[{"count":11,"href":"https:\/\/tothnorbert.net\/en\/wp-json\/wp\/v2\/pages\/73\/revisions"}],"predecessor-version":[{"id":287,"href":"https:\/\/tothnorbert.net\/en\/wp-json\/wp\/v2\/pages\/73\/revisions\/287"}],"wp:attachment":[{"href":"https:\/\/tothnorbert.net\/en\/wp-json\/wp\/v2\/media?parent=73"}],"curies":[{"name":"wp","href":"https:\/\/api.w.org\/{rel}","templated":true}]}}