{"id":75,"date":"2026-03-23T10:38:22","date_gmt":"2026-03-23T10:38:22","guid":{"rendered":"https:\/\/tothnorbert.net\/kontakt-szponzoracio\/"},"modified":"2026-04-02T20:16:17","modified_gmt":"2026-04-02T20:16:17","slug":"kontakt-szponzoracio","status":"publish","type":"page","link":"https:\/\/tothnorbert.net\/en\/kontakt-szponzoracio\/","title":{"rendered":"Kontakt &#8211; szponzor\u00e1ci\u00f3"},"content":{"rendered":"<div class=\"wp-block-group alignfull has-global-padding is-layout-constrained wp-container-core-group-is-layout-4d7a233c wp-block-group-is-layout-constrained\" style=\"margin-top:0;margin-bottom:0;padding-top:var(--wp--preset--spacing--20);padding-right:var(--wp--preset--spacing--20);padding-bottom:var(--wp--preset--spacing--20);padding-left:var(--wp--preset--spacing--20)\">\n<h2 class=\"wp-block-heading alignwide has-text-align-center has-x-large-font-size\">Current Sponsors<\/h2>\n\n\n\n<div class=\"wp-block-buttons alignwide has-custom-font-size has-medium-font-size is-content-justification-center is-layout-flex wp-container-core-buttons-is-layout-c124d1c4 wp-block-buttons-is-layout-flex\">\n<div class=\"wp-block-button\"><a class=\"wp-block-button__link wp-element-button\" href=\"https:\/\/mtk.hu\/szakosztalyok\/atletika\">MTK Budapest<\/a><\/div>\n\n\n\n<div class=\"wp-block-button\"><a class=\"wp-block-button__link wp-element-button\" href=\"http:\/\/atletika.hu\">Hungarian Athletic Federation<\/a><\/div>\n\n\n\n<div class=\"wp-block-button\"><a class=\"wp-block-button__link wp-element-button\" href=\"https:\/\/iranyasereg.hu\/sportszazad\">MH Sportsz\u00e1zad<\/a><\/div>\n\n\n\n<div class=\"wp-block-button\"><a class=\"wp-block-button__link wp-element-button\" href=\"https:\/\/cerbona.com\">Cerbona ZRT.<\/a><\/div>\n\n\n\n<div class=\"wp-block-button\"><a class=\"wp-block-button__link wp-element-button\">&#8230;<\/a><\/div>\n<\/div>\n\n\n\n<div class=\"wp-block-group alignfull has-global-padding is-layout-constrained wp-block-group-is-layout-constrained\" style=\"margin-top:0;margin-bottom:0;padding-top:var(--wp--preset--spacing--30);padding-bottom:var(--wp--preset--spacing--30)\">\n<div class=\"wp-block-group alignwide is-layout-grid wp-container-core-group-is-layout-21f393a4 wp-block-group-is-layout-grid\">\n<figure class=\"wp-block-image size-full\"><img loading=\"lazy\" decoding=\"async\" width=\"2048\" height=\"2560\" src=\"https:\/\/tothnorbert.net\/wp-content\/uploads\/2026\/03\/80DBAC0A-F374-42E9-9BD2-ADEF23D7AAE8-scaled.jpeg\" alt=\"\" class=\"wp-image-164\" style=\"aspect-ratio:1;object-fit:cover\" srcset=\"https:\/\/tothnorbert.net\/wp-content\/uploads\/2026\/03\/80DBAC0A-F374-42E9-9BD2-ADEF23D7AAE8-scaled.jpeg 2048w, https:\/\/tothnorbert.net\/wp-content\/uploads\/2026\/03\/80DBAC0A-F374-42E9-9BD2-ADEF23D7AAE8-240x300.jpeg 240w, https:\/\/tothnorbert.net\/wp-content\/uploads\/2026\/03\/80DBAC0A-F374-42E9-9BD2-ADEF23D7AAE8-819x1024.jpeg 819w, https:\/\/tothnorbert.net\/wp-content\/uploads\/2026\/03\/80DBAC0A-F374-42E9-9BD2-ADEF23D7AAE8-768x960.jpeg 768w, https:\/\/tothnorbert.net\/wp-content\/uploads\/2026\/03\/80DBAC0A-F374-42E9-9BD2-ADEF23D7AAE8-1229x1536.jpeg 1229w, https:\/\/tothnorbert.net\/wp-content\/uploads\/2026\/03\/80DBAC0A-F374-42E9-9BD2-ADEF23D7AAE8-1638x2048.jpeg 1638w\" sizes=\"auto, (max-width: 2048px) 100vw, 2048px\" \/><\/figure>\n\n\n\n<figure class=\"wp-block-image size-full\"><img loading=\"lazy\" decoding=\"async\" width=\"2115\" height=\"2116\" src=\"https:\/\/tothnorbert.net\/wp-content\/uploads\/2026\/03\/778A0784-8D05-42BE-B267-4B37EE166475-edited.jpeg\" alt=\"\" class=\"wp-image-165\" style=\"aspect-ratio:1;object-fit:cover\" srcset=\"https:\/\/tothnorbert.net\/wp-content\/uploads\/2026\/03\/778A0784-8D05-42BE-B267-4B37EE166475-edited.jpeg 2115w, https:\/\/tothnorbert.net\/wp-content\/uploads\/2026\/03\/778A0784-8D05-42BE-B267-4B37EE166475-edited-300x300.jpeg 300w, https:\/\/tothnorbert.net\/wp-content\/uploads\/2026\/03\/778A0784-8D05-42BE-B267-4B37EE166475-edited-1024x1024.jpeg 1024w, https:\/\/tothnorbert.net\/wp-content\/uploads\/2026\/03\/778A0784-8D05-42BE-B267-4B37EE166475-edited-150x150.jpeg 150w, https:\/\/tothnorbert.net\/wp-content\/uploads\/2026\/03\/778A0784-8D05-42BE-B267-4B37EE166475-edited-768x768.jpeg 768w, https:\/\/tothnorbert.net\/wp-content\/uploads\/2026\/03\/778A0784-8D05-42BE-B267-4B37EE166475-edited-1536x1536.jpeg 1536w, https:\/\/tothnorbert.net\/wp-content\/uploads\/2026\/03\/778A0784-8D05-42BE-B267-4B37EE166475-edited-2048x2048.jpeg 2048w\" sizes=\"auto, (max-width: 2115px) 100vw, 2115px\" \/><\/figure>\n\n\n\n<figure class=\"wp-block-image size-full\"><img loading=\"lazy\" decoding=\"async\" width=\"2560\" height=\"1707\" src=\"https:\/\/tothnorbert.net\/wp-content\/uploads\/2026\/03\/IMG_2301-scaled.jpg\" alt=\"\" class=\"wp-image-166\" style=\"aspect-ratio:1;object-fit:cover\" srcset=\"https:\/\/tothnorbert.net\/wp-content\/uploads\/2026\/03\/IMG_2301-scaled.jpg 2560w, https:\/\/tothnorbert.net\/wp-content\/uploads\/2026\/03\/IMG_2301-300x200.jpg 300w, https:\/\/tothnorbert.net\/wp-content\/uploads\/2026\/03\/IMG_2301-1024x683.jpg 1024w, https:\/\/tothnorbert.net\/wp-content\/uploads\/2026\/03\/IMG_2301-768x512.jpg 768w, https:\/\/tothnorbert.net\/wp-content\/uploads\/2026\/03\/IMG_2301-1536x1024.jpg 1536w, https:\/\/tothnorbert.net\/wp-content\/uploads\/2026\/03\/IMG_2301-2048x1365.jpg 2048w\" sizes=\"auto, (max-width: 2560px) 100vw, 2560px\" \/><\/figure>\n\n\n\n<figure class=\"wp-block-image size-large\"><img loading=\"lazy\" decoding=\"async\" width=\"2268\" height=\"2268\" src=\"https:\/\/tothnorbert.net\/wp-content\/uploads\/2026\/03\/IMG_4621-edited.jpeg\" alt=\"\" class=\"wp-image-191\" srcset=\"https:\/\/tothnorbert.net\/wp-content\/uploads\/2026\/03\/IMG_4621-edited.jpeg 2268w, https:\/\/tothnorbert.net\/wp-content\/uploads\/2026\/03\/IMG_4621-edited-300x300.jpeg 300w, https:\/\/tothnorbert.net\/wp-content\/uploads\/2026\/03\/IMG_4621-edited-1024x1024.jpeg 1024w, https:\/\/tothnorbert.net\/wp-content\/uploads\/2026\/03\/IMG_4621-edited-150x150.jpeg 150w, https:\/\/tothnorbert.net\/wp-content\/uploads\/2026\/03\/IMG_4621-edited-768x768.jpeg 768w, https:\/\/tothnorbert.net\/wp-content\/uploads\/2026\/03\/IMG_4621-edited-1536x1536.jpeg 1536w, https:\/\/tothnorbert.net\/wp-content\/uploads\/2026\/03\/IMG_4621-edited-2048x2048.jpeg 2048w\" sizes=\"auto, (max-width: 2268px) 100vw, 2268px\" \/><\/figure>\n<\/div>\n<\/div>\n\n\n\n<p class=\"has-text-align-center has-large-font-size\" style=\"margin-top:var(--wp--preset--spacing--20);margin-bottom:var(--wp--preset--spacing--20)\"><strong>Let's build future successes together - Be a part of my Olympic preparation!<\/strong><\/p>\n\n\n\n<div class=\"wp-block-cover alignwide\" style=\"margin-top:var(--wp--preset--spacing--20);margin-bottom:var(--wp--preset--spacing--20);padding-top:0;padding-right:0;padding-bottom:0;padding-left:0\"><img loading=\"lazy\" decoding=\"async\" width=\"1024\" height=\"770\" class=\"wp-block-cover__image-background wp-image-181\" alt=\"\" src=\"https:\/\/tothnorbert.net\/wp-content\/uploads\/2026\/03\/IMG_4622-e1774472017724-1024x770.jpeg\" style=\"object-position:50% 17%\" data-object-fit=\"cover\" data-object-position=\"50% 17%\" srcset=\"https:\/\/tothnorbert.net\/wp-content\/uploads\/2026\/03\/IMG_4622-e1774472017724-1024x770.jpeg 1024w, https:\/\/tothnorbert.net\/wp-content\/uploads\/2026\/03\/IMG_4622-e1774472017724-300x226.jpeg 300w, https:\/\/tothnorbert.net\/wp-content\/uploads\/2026\/03\/IMG_4622-e1774472017724-768x577.jpeg 768w, https:\/\/tothnorbert.net\/wp-content\/uploads\/2026\/03\/IMG_4622-e1774472017724.jpeg 1290w\" sizes=\"auto, (max-width: 1024px) 100vw, 1024px\" \/><span aria-hidden=\"true\" class=\"wp-block-cover__background has-background-dim-20 has-background-dim\"><\/span><div class=\"wp-block-cover__inner-container is-layout-flow wp-container-core-cover-is-layout-8e7d8486 wp-block-cover-is-layout-flow\">\n<p class=\"has-text-align-right\" style=\"margin-top:0;margin-right:var(--wp--preset--spacing--30);margin-bottom:0;margin-left:var(--wp--preset--spacing--30)\">Contact<br>t.norbertgame@gmail.com<\/p>\n<\/div><\/div>\n\n\n\n<div class=\"wp-block-media-text is-stacked-on-mobile\" style=\"grid-template-columns:15% auto\"><figure class=\"wp-block-media-text__media\"><\/figure><div class=\"wp-block-media-text__content\">\n<p id=\"paypal\">If you would like to support my Olympic preparation as an individual, you can contribute any small amount to help me reach the following milestones via the PayPal link below.&nbsp;<br><br><br><strong>Thank you for believing in me and my goals!<\/strong><\/p>\n\n\n\n<div class=\"wp-block-buttons is-layout-flex wp-block-buttons-is-layout-flex\">\n<div class=\"wp-block-button\"><a class=\"wp-block-button__link has-base-color has-text-color has-background has-link-color has-x-large-font-size has-custom-font-size wp-element-button\" href=\"https:\/\/www.paypal.com\/donate\/?hosted_button_id=SLNJCSU2AECUN\" style=\"background-color:#0b7fdb\">PayPal<\/a><\/div>\n<\/div>\n<\/div><\/div>\n<\/div>\n\n\n\n<p><\/p>","protected":false},"excerpt":{"rendered":"<p>Jelenlegi t\u00e1mogat\u00f3im \u00c9p\u00edts\u00fck egy\u00fctt a j\u00f6v\u0151 sikereit \u2013 Legyen r\u00e9szese az olimpiai felk\u00e9sz\u00fcl\u00e9semnek! Amennyiben mag\u00e1nszem\u00e9lyk\u00e9nt szeretn\u00e9 t\u00e1mogatni az olimpiai felk\u00e9sz\u00fcl\u00e9semet, az al\u00e1bbi PayPal linken kereszt\u00fcl b\u00e1rmilyen kis \u00f6sszeggel hozz\u00e1j\u00e1rulhat a k\u00f6vetkez\u0151 m\u00e9rf\u00f6ldk\u00f6vek el\u00e9r\u00e9s\u00e9hez.&nbsp; K\u00f6sz\u00f6n\u00f6m, hogy hisz bennem \u00e9s a c\u00e9ljaimban!<\/p>","protected":false},"author":1,"featured_media":0,"parent":0,"menu_order":0,"comment_status":"closed","ping_status":"closed","template":"page-no-title","meta":{"footnotes":""},"class_list":["post-75","page","type-page","status-publish","hentry"],"_hostinger_reach_plugin_has_subscription_block":false,"_hostinger_reach_plugin_is_elementor":false,"_links":{"self":[{"href":"https:\/\/tothnorbert.net\/en\/wp-json\/wp\/v2\/pages\/75","targetHints":{"allow":["GET"]}}],"collection":[{"href":"https:\/\/tothnorbert.net\/en\/wp-json\/wp\/v2\/pages"}],"about":[{"href":"https:\/\/tothnorbert.net\/en\/wp-json\/wp\/v2\/types\/page"}],"author":[{"embeddable":true,"href":"https:\/\/tothnorbert.net\/en\/wp-json\/wp\/v2\/users\/1"}],"replies":[{"embeddable":true,"href":"https:\/\/tothnorbert.net\/en\/wp-json\/wp\/v2\/comments?post=75"}],"version-history":[{"count":22,"href":"https:\/\/tothnorbert.net\/en\/wp-json\/wp\/v2\/pages\/75\/revisions"}],"predecessor-version":[{"id":266,"href":"https:\/\/tothnorbert.net\/en\/wp-json\/wp\/v2\/pages\/75\/revisions\/266"}],"wp:attachment":[{"href":"https:\/\/tothnorbert.net\/en\/wp-json\/wp\/v2\/media?parent=75"}],"curies":[{"name":"wp","href":"https:\/\/api.w.org\/{rel}","templated":true}]}}